{"id":1110,"date":"2021-04-22T10:33:14","date_gmt":"2021-04-22T14:33:14","guid":{"rendered":"https:\/\/www.agnabrakes.com\/?page_id=1110"},"modified":"2021-04-22T10:33:14","modified_gmt":"2021-04-22T14:33:14","slug":"autologix-plaquettes-de-freins-a-disque","status":"publish","type":"page","link":"https:\/\/www.agnabrakes.com\/fr\/brands\/autologix-plaquettes-de-freins-a-disque\/","title":{"rendered":"Autologix &#8211; Plaquettes de freins \u00e0 disque"},"content":{"rendered":"<h2>\n\t\tautologix &#8211; segments de frein de stationnement\n\t<\/h2>\n\t\t\t\t<img loading=\"lazy\" decoding=\"async\" src=\"https:\/\/www.agnabrakes.com\/wp-content\/uploads\/2021\/04\/autologix-mockup.jpg\" alt=\"autologix mockup\" itemprop=\"image\" height=\"1540\" width=\"2200\" title=\"autologix mockup\" onerror=\"this.style.display='none'\"  \/>\n\t<p>AUTOLOGIX<\/p>\n<p>PLAQUETTES DE FREINS \u00c0 DISQUE<\/p>\n\t<h3>C\u00c9RAMIQUES SP\u00c9CIFIQUES \u00c0 LA PLATEFORME AUTOLOGIX MC<\/h3>\n<p>Pendant plusieurs ann\u00e9es de conception et d\u2019essai nous avons obtenu une gamme distincte offrant une combinaison parfaite de formules semi-m\u00e9talliques avec une couverture compl\u00e8te et des applications qui sont premi\u00e8res sur le march\u00e9.<\/p>\n<p>&nbsp;<\/p>\n\t<ul>\n<li>Technologie de moulage positif<\/li>\n<li>Formules peu poussi\u00e9reuses<\/li>\n<li>Cales, rainures et chanfreins (o\u00f9 applicable)<\/li>\n<li>Performance de freinage s\u00e9curitaire et silencieuse<\/li>\n<\/ul>\n\t\t\t\t<img loading=\"lazy\" decoding=\"async\" src=\"https:\/\/www.agnabrakes.com\/wp-content\/uploads\/2021\/04\/autologix-mockup-white-3.jpg\" alt=\"autologix mockup white 3\" itemprop=\"image\" height=\"1540\" width=\"2200\" title=\"autologix mockup white 3\" onerror=\"this.style.display='none'\"  \/>\n\t\t\t\t<img loading=\"lazy\" decoding=\"async\" src=\"https:\/\/www.agnabrakes.com\/wp-content\/uploads\/2021\/04\/autologix-mockup-white-2.jpg\" alt=\"autologix mockup white 2\" itemprop=\"image\" height=\"1540\" width=\"2200\" title=\"autologix mockup white 2\" onerror=\"this.style.display='none'\"  \/>\n\t<h3>GARANTIE<\/h3>\n<h2>AUTOLOGIX<\/h2>\n<p>90 Days<\/p>\n<h2>\n\t\tProduits\n\t<\/h2>\n\t\n    <div class=\"dddd\">\n        <div class=\"post-row\">\n\n        \n            <div class=\"col-md-3 col-xs-12 col-sm-12 blog_image\">\n                <a href=\"https:\/\/www.agnabrakes.com\/brands\/autologix\/\">\n                                        <div class=\"image\" style=\"background-image: url(https:\/\/www.agnabrakes.com\/wp-content\/uploads\/2020\/03\/Autologix-NL-Disc-Brake-Semi-1.jpg);\"><\/div>\n                    <h3>Autologix<\/h3>\n                <\/a>\n            <\/div>\n\n        \n            <div class=\"col-md-3 col-xs-12 col-sm-12 blog_image\">\n                <a href=\"https:\/\/www.agnabrakes.com\/brands\/autologix-trailor-brake\/\">\n                                        <div class=\"image\" style=\"background-image: url(https:\/\/www.agnabrakes.com\/wp-content\/uploads\/2020\/03\/trailorbrake_image.jpg);\"><\/div>\n                    <h3>Autologix &#8211; Trailer Brake<\/h3>\n                <\/a>\n            <\/div>\n\n                <\/div>\n    <\/div>\n\n\n","protected":false},"excerpt":{"rendered":"<p>autologix &#8211; segments de frein de stationnement AUTOLOGIX PLAQUETTES DE FREINS \u00c0 DISQUE C\u00c9RAMIQUES SP\u00c9CIFIQUES \u00c0 LA PLATEFORME AUTOLOGIX MC Pendant plusieurs ann\u00e9es de conception et d\u2019essai nous avons obtenu une gamme distincte offrant une combinaison parfaite de formules semi-m\u00e9talliques avec une couverture compl\u00e8te et des applications qui sont premi\u00e8res sur le march\u00e9. &nbsp; Technologie&hellip;<\/p>\n","protected":false},"author":1,"featured_media":1099,"parent":294,"menu_order":0,"comment_status":"closed","ping_status":"closed","template":"brands.php","meta":{"_acf_changed":false,"inline_featured_image":false,"footnotes":""},"class_list":["post-1110","page","type-page","status-publish","has-post-thumbnail","hentry"],"acf":[],"_links":{"self":[{"href":"https:\/\/www.agnabrakes.com\/fr\/wp-json\/wp\/v2\/pages\/1110","targetHints":{"allow":["GET"]}}],"collection":[{"href":"https:\/\/www.agnabrakes.com\/fr\/wp-json\/wp\/v2\/pages"}],"about":[{"href":"https:\/\/www.agnabrakes.com\/fr\/wp-json\/wp\/v2\/types\/page"}],"author":[{"embeddable":true,"href":"https:\/\/www.agnabrakes.com\/fr\/wp-json\/wp\/v2\/users\/1"}],"replies":[{"embeddable":true,"href":"https:\/\/www.agnabrakes.com\/fr\/wp-json\/wp\/v2\/comments?post=1110"}],"version-history":[{"count":4,"href":"https:\/\/www.agnabrakes.com\/fr\/wp-json\/wp\/v2\/pages\/1110\/revisions"}],"predecessor-version":[{"id":1124,"href":"https:\/\/www.agnabrakes.com\/fr\/wp-json\/wp\/v2\/pages\/1110\/revisions\/1124"}],"up":[{"embeddable":true,"href":"https:\/\/www.agnabrakes.com\/fr\/wp-json\/wp\/v2\/pages\/294"}],"wp:featuredmedia":[{"embeddable":true,"href":"https:\/\/www.agnabrakes.com\/fr\/wp-json\/wp\/v2\/media\/1099"}],"wp:attachment":[{"href":"https:\/\/www.agnabrakes.com\/fr\/wp-json\/wp\/v2\/media?parent=1110"}],"curies":[{"name":"wp","href":"https:\/\/api.w.org\/{rel}","templated":true}]}}