{"id":1216,"date":"2022-07-04T16:32:58","date_gmt":"2022-07-04T20:32:58","guid":{"rendered":"https:\/\/www.agnabrakes.com\/download\/"},"modified":"2024-12-09T17:01:42","modified_gmt":"2024-12-09T22:01:42","slug":"download","status":"publish","type":"page","link":"https:\/\/www.agnabrakes.com\/fr\/download\/","title":{"rendered":"Download"},"content":{"rendered":"<h2>\n\t\tAutologix\n\t<\/h2>\n\t\t\t\t<img loading=\"lazy\" decoding=\"async\" src=\"https:\/\/www.agnabrakes.com\/wp-content\/uploads\/2022\/07\/pdf-flatt-1.png\" alt=\"pdf-flatt\" itemprop=\"image\" height=\"139\" width=\"133\" title=\"pdf-flatt\" onerror=\"this.style.display='none'\"  \/>\n<h4>\n\t\tSabots de freins\n\t<\/h4>\n\t\t\t<a href=\"https:\/\/www.agnabrakes.com\/wp-content\/uploads\/2022\/07\/Autologix-NL-Brake-Shoe_Fr.pdf\" target=\"_blank\" role=\"button\" rel=\"noopener noreferrer\" >\n\t\t\t\t\t\t\tDownload\n\t\t\t\t\t<\/a>\n\t\t\t\t<img loading=\"lazy\" decoding=\"async\" src=\"https:\/\/www.agnabrakes.com\/wp-content\/uploads\/2022\/07\/pdf-flatt-1.png\" alt=\"pdf-flatt\" itemprop=\"image\" height=\"139\" width=\"133\" title=\"pdf-flatt\" onerror=\"this.style.display='none'\"  \/>\n<h4>\n\t\tPlaquettes de freins \u00e0 disque ceramique\n\t<\/h4>\n\t\t\t<a href=\"https:\/\/www.agnabrakes.com\/wp-content\/uploads\/2022\/07\/Autlogix-Ceramic-Disc-Brake-Pads-_Fr.pdf\" target=\"_blank\" role=\"button\" rel=\"noopener noreferrer\" >\n\t\t\t\t\t\t\tDownload\n\t\t\t\t\t<\/a>\n\t\t\t\t<img loading=\"lazy\" decoding=\"async\" src=\"https:\/\/www.agnabrakes.com\/wp-content\/uploads\/2022\/07\/pdf-flatt-1.png\" alt=\"pdf-flatt\" itemprop=\"image\" height=\"139\" width=\"133\" title=\"pdf-flatt\" onerror=\"this.style.display='none'\"  \/>\n<h4>\n\t\tPlaquettes de freins \u00e0 disque semi-m\u00e9talliques\n\t<\/h4>\n\t\t\t<a href=\"https:\/\/www.agnabrakes.com\/wp-content\/uploads\/2022\/07\/Autlogix_Plaquetted-de-freins-a-disque-semi-metalliques_Fr.pdf\" target=\"_blank\" role=\"button\" rel=\"noopener noreferrer\" >\n\t\t\t\t\t\t\tDownload\n\t\t\t\t\t<\/a>\n<h2>\n\t\tPrologix\n\t<\/h2>\n\t\t\t\t<img loading=\"lazy\" decoding=\"async\" src=\"https:\/\/www.agnabrakes.com\/wp-content\/uploads\/2022\/07\/pdf-flatt-1.png\" alt=\"pdf-flatt\" itemprop=\"image\" height=\"139\" width=\"133\" title=\"pdf-flatt\" onerror=\"this.style.display='none'\"  \/>\n<h4>\n\t\tPlaquettes de frein \u00e0 disque sp\u00e9cifique au v\u00e9hicule\n\t<\/h4>\n\t\t\t<a href=\"https:\/\/www.agnabrakes.com\/wp-content\/uploads\/2022\/07\/Prologix_Ceramic_Carbon_Fr.pdf\" target=\"_blank\" role=\"button\" rel=\"noopener noreferrer\" >\n\t\t\t\t\t\t\tDownload\n\t\t\t\t\t<\/a>\n\t\t\t\t<img loading=\"lazy\" decoding=\"async\" src=\"https:\/\/www.agnabrakes.com\/wp-content\/uploads\/2022\/07\/pdf-flatt-1.png\" alt=\"pdf-flatt\" itemprop=\"image\" height=\"139\" width=\"133\" title=\"pdf-flatt\" onerror=\"this.style.display='none'\"  \/>\n<h4>\n\t\tDisques de frein avec rev\u00eatement\n\t<\/h4>\n\t\t\t<a href=\"https:\/\/www.agnabrakes.com\/wp-content\/uploads\/2024\/09\/Prologix_Coated_Brake_Rotors_Fr.pdf\" target=\"_blank\" role=\"button\" rel=\"noopener noreferrer\" >\n\t\t\t\t\t\t\tDownload\n\t\t\t\t\t<\/a>\n<h2>\n\t\tCarbon Fleet\n\t<\/h2>\n\t\t\t\t<img loading=\"lazy\" decoding=\"async\" src=\"https:\/\/www.agnabrakes.com\/wp-content\/uploads\/2022\/07\/pdf-flatt-1.png\" alt=\"pdf-flatt\" itemprop=\"image\" height=\"139\" width=\"133\" title=\"pdf-flatt\" onerror=\"this.style.display='none'\"  \/>\n<h4>\n\t\tDisques de frein avec rev\u00eatement\n\t<\/h4>\n\t\t\t<a href=\"https:\/\/www.agnabrakes.com\/wp-content\/uploads\/2024\/12\/Carbon-Fleet_Fr-2.pdf\" target=\"_blank\" role=\"button\" rel=\"noopener noreferrer\" >\n\t\t\t\t\t\t\tDownload\n\t\t\t\t\t<\/a>\n<h2>\n\t\tPerformance Plus\n\t<\/h2>\n\t\t\t\t<img loading=\"lazy\" decoding=\"async\" src=\"https:\/\/www.agnabrakes.com\/wp-content\/uploads\/2022\/07\/pdf-flatt-1.png\" alt=\"pdf-flatt\" itemprop=\"image\" height=\"139\" width=\"133\" title=\"pdf-flatt\" onerror=\"this.style.display='none'\"  \/>\n<h4>\n\t\tSabots de freins\n\t<\/h4>\n\t\t\t<a href=\"https:\/\/www.agnabrakes.com\/wp-content\/uploads\/2022\/07\/Performance-Plus_-Brake-Shoe-_FR.pdf\" target=\"_blank\" role=\"button\" rel=\"noopener noreferrer\" >\n\t\t\t\t\t\t\tDownload\n\t\t\t\t\t<\/a>\n\t\t\t\t<img loading=\"lazy\" decoding=\"async\" src=\"https:\/\/www.agnabrakes.com\/wp-content\/uploads\/2022\/07\/pdf-flatt-1.png\" alt=\"pdf-flatt\" itemprop=\"image\" height=\"139\" width=\"133\" title=\"pdf-flatt\" onerror=\"this.style.display='none'\"  \/>\n<h4>\n\t\tFibres de carbone\n\t<\/h4>\n\t\t\t<a href=\"https:\/\/www.agnabrakes.com\/wp-content\/uploads\/2022\/07\/Performance-Plus-Carbon-Fiber-FR.pdf\" target=\"_blank\" role=\"button\" rel=\"noopener noreferrer\" >\n\t\t\t\t\t\t\tDownload\n\t\t\t\t\t<\/a>\n\t\t\t\t<img loading=\"lazy\" decoding=\"async\" src=\"https:\/\/www.agnabrakes.com\/wp-content\/uploads\/2022\/07\/pdf-flatt-1.png\" alt=\"pdf-flatt\" itemprop=\"image\" height=\"139\" width=\"133\" title=\"pdf-flatt\" onerror=\"this.style.display='none'\"  \/>\n<h4>\n\t\tDisque c\u00e9ramiques\n\t<\/h4>\n\t\t\t<a href=\"https:\/\/www.agnabrakes.com\/wp-content\/uploads\/2022\/07\/Performance-plus-Ceramic-FR.pdf\" target=\"_blank\" role=\"button\" rel=\"noopener noreferrer\" >\n\t\t\t\t\t\t\tDownload\n\t\t\t\t\t<\/a>\n\t\t\t\t<img loading=\"lazy\" decoding=\"async\" src=\"https:\/\/www.agnabrakes.com\/wp-content\/uploads\/2022\/07\/pdf-flatt-1.png\" alt=\"pdf-flatt\" itemprop=\"image\" height=\"139\" width=\"133\" title=\"pdf-flatt\" onerror=\"this.style.display='none'\"  \/>\n<h4>\n\t\tDisque de frein\n\t<\/h4>\n\t\t\t<a href=\"https:\/\/www.agnabrakes.com\/wp-content\/uploads\/2022\/07\/Performance-Plus-Rotor-FR.pdf\" target=\"_blank\" role=\"button\" rel=\"noopener noreferrer\" >\n\t\t\t\t\t\t\tDownload\n\t\t\t\t\t<\/a>\n\t\t\t\t<img loading=\"lazy\" decoding=\"async\" src=\"https:\/\/www.agnabrakes.com\/wp-content\/uploads\/2022\/07\/pdf-flatt-1.png\" alt=\"pdf-flatt\" itemprop=\"image\" height=\"139\" width=\"133\" title=\"pdf-flatt\" onerror=\"this.style.display='none'\"  \/>\n<h4>\n\t\tSemi-m\u00e9talliques\n\t<\/h4>\n\t\t\t<a href=\"https:\/\/www.agnabrakes.com\/wp-content\/uploads\/2022\/07\/Performance-Plus-Semi-Metalic-Disc-Brake-pads-FR.pdf\" target=\"_blank\" role=\"button\" rel=\"noopener noreferrer\" >\n\t\t\t\t\t\t\tDownload\n\t\t\t\t\t<\/a>\n","protected":false},"excerpt":{"rendered":"<p>Autologix Sabots de freins Download Plaquettes de freins \u00e0 disque ceramique Download Plaquettes de freins \u00e0 disque semi-m\u00e9talliques Download Prologix Plaquettes de frein \u00e0 disque sp\u00e9cifique au v\u00e9hicule Download Disques de frein avec rev\u00eatement Download Carbon Fleet Disques de frein avec rev\u00eatement Download Performance Plus Sabots de freins Download Fibres de carbone Download Disque c\u00e9ramiques&hellip;<\/p>\n","protected":false},"author":1,"featured_media":0,"parent":0,"menu_order":0,"comment_status":"closed","ping_status":"closed","template":"","meta":{"_acf_changed":false,"inline_featured_image":false,"footnotes":""},"class_list":["post-1216","page","type-page","status-publish","hentry"],"acf":[],"_links":{"self":[{"href":"https:\/\/www.agnabrakes.com\/fr\/wp-json\/wp\/v2\/pages\/1216","targetHints":{"allow":["GET"]}}],"collection":[{"href":"https:\/\/www.agnabrakes.com\/fr\/wp-json\/wp\/v2\/pages"}],"about":[{"href":"https:\/\/www.agnabrakes.com\/fr\/wp-json\/wp\/v2\/types\/page"}],"author":[{"embeddable":true,"href":"https:\/\/www.agnabrakes.com\/fr\/wp-json\/wp\/v2\/users\/1"}],"replies":[{"embeddable":true,"href":"https:\/\/www.agnabrakes.com\/fr\/wp-json\/wp\/v2\/comments?post=1216"}],"version-history":[{"count":6,"href":"https:\/\/www.agnabrakes.com\/fr\/wp-json\/wp\/v2\/pages\/1216\/revisions"}],"predecessor-version":[{"id":1304,"href":"https:\/\/www.agnabrakes.com\/fr\/wp-json\/wp\/v2\/pages\/1216\/revisions\/1304"}],"wp:attachment":[{"href":"https:\/\/www.agnabrakes.com\/fr\/wp-json\/wp\/v2\/media?parent=1216"}],"curies":[{"name":"wp","href":"https:\/\/api.w.org\/{rel}","templated":true}]}}