{"id":293,"date":"2019-10-28T12:54:57","date_gmt":"2019-10-28T12:54:57","guid":{"rendered":"https:\/\/www.agnabrakes.com\/about-us\/"},"modified":"2020-04-21T20:06:10","modified_gmt":"2020-04-21T20:06:10","slug":"about-us","status":"publish","type":"page","link":"https:\/\/www.agnabrakes.com\/fr\/about-us\/","title":{"rendered":"\u00c0 PROPOS"},"content":{"rendered":"<h2>\n\t<\/h2>\n\t\t\t\t<img loading=\"lazy\" decoding=\"async\" src=\"https:\/\/www.agnabrakes.com\/wp-content\/uploads\/2019\/10\/about_us.jpg\" alt=\"about_us\" itemprop=\"image\" height=\"614\" width=\"843\" title=\"about_us\" onerror=\"this.style.display='none'\"  \/>\n<h2>\n\t\tEXPERTISE.QUALIT\u00c9.INNOVATION\n\t<\/h2>\n\t<p>Depuis 1989, Freins Agna fournit des produits de haute qualit\u00e9 et un service hors pair \u00e0 plusieurs compagnies tr\u00e8s connues de l\u2019industrie automobile.<\/p>\n<p>Notre objectif est d\u2019offrir des produits de frein fabriqu\u00e9s \u00e0 l\u2019aide de technologies de fine pointe et de mat\u00e9riaux de qualit\u00e9 sup\u00e9rieure \u00e0 un prix raisonnable. Nous sommes fiers d\u2019avoir plusieurs relations strat\u00e9giques avec des partenaires novateurs de l\u2019industrie qui nous permet d\u2019offrir la gamme de produits la plus compl\u00e8te de l\u2019industrie secondaire de l\u2019automobile.<\/p>\n<p>Freins Agna a con\u00e7u sa propre expertise de fabrication et offre \u00e0 sa client\u00e8le une vaste gamme de produits de freins pour v\u00e9hicules domestiques et import\u00e9s. Tous nos produits sont \u00e9prouv\u00e9s, test\u00e9s et prouv\u00e9s et respectent toutes les normes gouvernementales de tests et de s\u00e9curit\u00e9.<\/p>\n\t\t\t<p>Freins Agna s\u2019efforce d\u2019\u00eatre le meilleur fournisseur de gamme compl\u00e8te en produits de freins de haute qualit\u00e9 en offrant des produits et services sup\u00e9rieurs afin de b\u00e2tir des relations longs termes<br \/> avec nos clients et partenaires novateurs.<\/p>\t\t\n<h2>\n\t\tL\u2019AVANTAGE AGNA\n\t<\/h2>\n\t<p>Agna est reconnu comme l\u2019expert dans les pi\u00e8ces de frein automobile. Nous sommes fiers d\u2019offrir la plus grande gamme d\u2019applications de plaquettes de frein, segments de frein, disques et tambours de frein et nous sommes avant-gardistes dans les applications qui sont premi\u00e8res sur le march\u00e9 en offrant des solutions pour les niveaux d\u2019entr\u00e9e, interm\u00e9diaire, et haut de gamme. Nous vous offrons une source unique d\u2019approvisionnement pour tous vos produits de freins ainsi qu\u2019une constance et uniformit\u00e9 d\u2019emballage pour tous vos besoins. De plus, nos efforts soutenus en Recherche et D\u00e9veloppement nous permettent de constamment am\u00e9liorer nos produits. Nous n\u2019utilisons que des mati\u00e8res premi\u00e8res de haute qualit\u00e9 et nous testons rigoureusement tous nos produits afin de nous assurer qu\u2019ils sont les meilleurs sur le march\u00e9. Nous offrons un service de soutien ainsi que des solutions et programmes personnalis\u00e9s \u00e0 nos distributeurs et nos flottes afin de pouvoir grandir avec nos clients, et notre r\u00e9seau de distribution en constante croissance signifie que nous sommes tout pr\u00e8s de chez vous. Nous sommes assez grands pour pouvoir efficacement satisfaire tous vos besoins tout en offrant le meilleur niveau de service apr\u00e8s-vente personnalis\u00e9 de l\u2019industrie.<\/p>\n\t\t\t\t<img loading=\"lazy\" decoding=\"async\" src=\"https:\/\/www.agnabrakes.com\/wp-content\/uploads\/2019\/10\/the_agna_advantage.jpg\" alt=\"the_agna_advantage\" itemprop=\"image\" height=\"614\" width=\"843\" title=\"the_agna_advantage\" onerror=\"this.style.display='none'\"  \/>\n","protected":false},"excerpt":{"rendered":"<p>EXPERTISE.QUALIT\u00c9.INNOVATION Depuis 1989, Freins Agna fournit des produits de haute qualit\u00e9 et un service hors pair \u00e0 plusieurs compagnies tr\u00e8s connues de l\u2019industrie automobile. Notre objectif est d\u2019offrir des produits de frein fabriqu\u00e9s \u00e0 l\u2019aide de technologies de fine pointe et de mat\u00e9riaux de qualit\u00e9 sup\u00e9rieure \u00e0 un prix raisonnable. Nous sommes fiers d\u2019avoir plusieurs&hellip;<\/p>\n","protected":false},"author":1,"featured_media":0,"parent":0,"menu_order":0,"comment_status":"closed","ping_status":"closed","template":"","meta":{"_acf_changed":false,"inline_featured_image":false,"footnotes":""},"class_list":["post-293","page","type-page","status-publish","hentry"],"acf":[],"_links":{"self":[{"href":"https:\/\/www.agnabrakes.com\/fr\/wp-json\/wp\/v2\/pages\/293","targetHints":{"allow":["GET"]}}],"collection":[{"href":"https:\/\/www.agnabrakes.com\/fr\/wp-json\/wp\/v2\/pages"}],"about":[{"href":"https:\/\/www.agnabrakes.com\/fr\/wp-json\/wp\/v2\/types\/page"}],"author":[{"embeddable":true,"href":"https:\/\/www.agnabrakes.com\/fr\/wp-json\/wp\/v2\/users\/1"}],"replies":[{"embeddable":true,"href":"https:\/\/www.agnabrakes.com\/fr\/wp-json\/wp\/v2\/comments?post=293"}],"version-history":[{"count":3,"href":"https:\/\/www.agnabrakes.com\/fr\/wp-json\/wp\/v2\/pages\/293\/revisions"}],"predecessor-version":[{"id":1028,"href":"https:\/\/www.agnabrakes.com\/fr\/wp-json\/wp\/v2\/pages\/293\/revisions\/1028"}],"wp:attachment":[{"href":"https:\/\/www.agnabrakes.com\/fr\/wp-json\/wp\/v2\/media?parent=293"}],"curies":[{"name":"wp","href":"https:\/\/api.w.org\/{rel}","templated":true}]}}