{"id":305,"date":"2019-10-28T12:57:16","date_gmt":"2019-10-28T12:57:16","guid":{"rendered":"https:\/\/www.agnabrakes.com\/product\/"},"modified":"2020-07-09T13:38:38","modified_gmt":"2020-07-09T13:38:38","slug":"product","status":"publish","type":"page","link":"https:\/\/www.agnabrakes.com\/fr\/product\/","title":{"rendered":"Produit"},"content":{"rendered":"<h2>\n\t<\/h2>\n\t\t\t\t<img loading=\"lazy\" decoding=\"async\" src=\"https:\/\/www.agnabrakes.com\/wp-content\/uploads\/2019\/10\/about_us.jpg\" alt=\"about_us\" itemprop=\"image\" height=\"614\" width=\"843\" title=\"about_us\" onerror=\"this.style.display='none'\"  \/>\n<h2>\n\t\tPLAQUETTES DE FREIN\n\t<\/h2>\n\tLorsqu\u2019il s\u2019agit de plaquettes de frein, nous comprenons que le concept de taille unique ne s\u2019applique pas. Nous avons con\u00e7u des formules de qualit\u00e9 afin d\u2019offrir des niveaux distincts de \u00ab bon \u00bb, \u00ab mieux \u00bb, \u00ab meilleur \u00bb pour satisfaire tous les besoins.<br \/>\nToutes nos plaquettes de frein sont con\u00e7ues et fabriqu\u00e9es avec une technologie de moulage positif pour satisfaire et exc\u00e9der les normes de l\u2019industrie relatives aux caract\u00e9ristiques techniques de l\u2019\u00e9quipement d\u2019origine.\n<h2>\n\t\tProduits\n\t<\/h2>\n<h2>\n\t\tNOUVELLES ET \u00c9V\u00c9NEMENTS\n\t<\/h2>\n\t<p>Derni\u00e8res nouvelles, \u00e9v\u00e9nements et articles en vedette sur les freins AGNA dans le secteur de l&rsquo;automobile en particulier le freinage.<\/p>\n","protected":false},"excerpt":{"rendered":"<p>PLAQUETTES DE FREIN Lorsqu\u2019il s\u2019agit de plaquettes de frein, nous comprenons que le concept de taille unique ne s\u2019applique pas. Nous avons con\u00e7u des formules de qualit\u00e9 afin d\u2019offrir des niveaux distincts de \u00ab bon \u00bb, \u00ab mieux \u00bb, \u00ab meilleur \u00bb pour satisfaire tous les besoins. Toutes nos plaquettes de frein sont con\u00e7ues et&hellip;<\/p>\n","protected":false},"author":1,"featured_media":0,"parent":0,"menu_order":0,"comment_status":"closed","ping_status":"closed","template":"","meta":{"_acf_changed":false,"inline_featured_image":false,"footnotes":""},"class_list":["post-305","page","type-page","status-publish","hentry"],"acf":[],"_links":{"self":[{"href":"https:\/\/www.agnabrakes.com\/fr\/wp-json\/wp\/v2\/pages\/305","targetHints":{"allow":["GET"]}}],"collection":[{"href":"https:\/\/www.agnabrakes.com\/fr\/wp-json\/wp\/v2\/pages"}],"about":[{"href":"https:\/\/www.agnabrakes.com\/fr\/wp-json\/wp\/v2\/types\/page"}],"author":[{"embeddable":true,"href":"https:\/\/www.agnabrakes.com\/fr\/wp-json\/wp\/v2\/users\/1"}],"replies":[{"embeddable":true,"href":"https:\/\/www.agnabrakes.com\/fr\/wp-json\/wp\/v2\/comments?post=305"}],"version-history":[{"count":2,"href":"https:\/\/www.agnabrakes.com\/fr\/wp-json\/wp\/v2\/pages\/305\/revisions"}],"predecessor-version":[{"id":1046,"href":"https:\/\/www.agnabrakes.com\/fr\/wp-json\/wp\/v2\/pages\/305\/revisions\/1046"}],"wp:attachment":[{"href":"https:\/\/www.agnabrakes.com\/fr\/wp-json\/wp\/v2\/media?parent=305"}],"curies":[{"name":"wp","href":"https:\/\/api.w.org\/{rel}","templated":true}]}}