{"id":995,"date":"2020-03-16T17:06:21","date_gmt":"2020-03-16T17:06:21","guid":{"rendered":"https:\/\/www.agnabrakes.com\/brands\/prologix-disques-de-frein\/"},"modified":"2020-07-09T13:37:19","modified_gmt":"2020-07-09T13:37:19","slug":"prologix-disques-de-frein","status":"publish","type":"page","link":"https:\/\/www.agnabrakes.com\/fr\/brands\/prologix-disques-de-frein\/","title":{"rendered":"Prologix &#8211; Disques de frein"},"content":{"rendered":"<h2>\n\t\tPROLOGIX &#8211; Disques de frein\n\t<\/h2>\n\t\t\t\t<img loading=\"lazy\" decoding=\"async\" src=\"https:\/\/www.agnabrakes.com\/wp-content\/uploads\/2020\/03\/Prologix_New_Mockup_3-Rotors.jpg\" alt=\"mockups-design.com\" itemprop=\"image\" height=\"1540\" width=\"2200\" title=\"Mockups Design\" onerror=\"this.style.display='none'\"  \/>\n\t<p>PROLOGIX<\/p>\n<p>DISQUES DE FREIN<\/p>\n\t<p>Fabriqu\u00e9 et con\u00e7u pour satisfaire aux param\u00e8tres de conception, de structure et de poids de l\u02bc\u00e9quipement d\u02bcorigine. R\u00e9siste \u00e0 la corrosion et pr\u00eat \u00e0 installer.<\/p>\n<ul>\n<li>Technologie de freinage sup\u00e9rieure pour automobiles, camions, VUS et VUM<\/li>\n<li>Puissance de freinage et s\u00e9curit\u00e9 optimale dans toutes les conditions, mouill\u00e9es ou s\u00e8ches<\/li>\n<li>R\u00e9ponds \u00e0 la norme SAE 3000 \u2013 ou SAE3500 normes relatives aux pi\u00e8ces en fonte grise<\/li>\n<\/ul>\n\t<ul>\n<li>Contr\u00f4le de la qualit\u00e9 d\u2019ing\u00e9nierie certifi\u00e9 \u00e0 chaque \u00e9tape de la fabrication et applications qui sont premi\u00e8res sur le march\u00e9<\/li>\n<li>Efficacit\u00e9 et endurance importante<\/li>\n<li>La meilleure solution pour vos applications probl\u00e9matiques et transfert de la chaleur efficace<\/li>\n<li>Disponible pour la plupart des v\u00e9hicules<\/li>\n<\/ul>\n\t\t\t\t<img loading=\"lazy\" decoding=\"async\" src=\"https:\/\/www.agnabrakes.com\/wp-content\/uploads\/2020\/03\/Prologix_New_Mockup_1_RotorCoated-White.jpg\" alt=\"mockups-design.com\" itemprop=\"image\" height=\"1540\" width=\"2200\" title=\"Mockups Design\" onerror=\"this.style.display='none'\"  \/>\n<h2>\n\t\tProduits\n\t<\/h2>\n\t\n    <div class=\"dddd\">\n        <div class=\"post-row\">\n\n        \n            <div class=\"col-md-3 col-xs-12 col-sm-12 blog_image\">\n                <a href=\"https:\/\/www.agnabrakes.com\/brands\/prologix\/\">\n                                        <div class=\"image\" style=\"background-image: url(https:\/\/www.agnabrakes.com\/wp-content\/uploads\/2020\/03\/Prologix_New_Mockup_1_CarbonFiberFormulation-2.jpg);\"><\/div>\n                    <h3>Prologix<\/h3>\n                <\/a>\n            <\/div>\n\n                <\/div>\n    <\/div>\n\n\n","protected":false},"excerpt":{"rendered":"<p>PROLOGIX &#8211; Disques de frein PROLOGIX DISQUES DE FREIN Fabriqu\u00e9 et con\u00e7u pour satisfaire aux param\u00e8tres de conception, de structure et de poids de l\u02bc\u00e9quipement d\u02bcorigine. R\u00e9siste \u00e0 la corrosion et pr\u00eat \u00e0 installer. Technologie de freinage sup\u00e9rieure pour automobiles, camions, VUS et VUM Puissance de freinage et s\u00e9curit\u00e9 optimale dans toutes les conditions, mouill\u00e9es&hellip;<\/p>\n","protected":false},"author":1,"featured_media":907,"parent":294,"menu_order":0,"comment_status":"closed","ping_status":"closed","template":"brands.php","meta":{"_acf_changed":false,"inline_featured_image":false,"footnotes":""},"class_list":["post-995","page","type-page","status-publish","has-post-thumbnail","hentry"],"acf":[],"_links":{"self":[{"href":"https:\/\/www.agnabrakes.com\/fr\/wp-json\/wp\/v2\/pages\/995","targetHints":{"allow":["GET"]}}],"collection":[{"href":"https:\/\/www.agnabrakes.com\/fr\/wp-json\/wp\/v2\/pages"}],"about":[{"href":"https:\/\/www.agnabrakes.com\/fr\/wp-json\/wp\/v2\/types\/page"}],"author":[{"embeddable":true,"href":"https:\/\/www.agnabrakes.com\/fr\/wp-json\/wp\/v2\/users\/1"}],"replies":[{"embeddable":true,"href":"https:\/\/www.agnabrakes.com\/fr\/wp-json\/wp\/v2\/comments?post=995"}],"version-history":[{"count":2,"href":"https:\/\/www.agnabrakes.com\/fr\/wp-json\/wp\/v2\/pages\/995\/revisions"}],"predecessor-version":[{"id":1044,"href":"https:\/\/www.agnabrakes.com\/fr\/wp-json\/wp\/v2\/pages\/995\/revisions\/1044"}],"up":[{"embeddable":true,"href":"https:\/\/www.agnabrakes.com\/fr\/wp-json\/wp\/v2\/pages\/294"}],"wp:featuredmedia":[{"embeddable":true,"href":"https:\/\/www.agnabrakes.com\/fr\/wp-json\/wp\/v2\/media\/907"}],"wp:attachment":[{"href":"https:\/\/www.agnabrakes.com\/fr\/wp-json\/wp\/v2\/media?parent=995"}],"curies":[{"name":"wp","href":"https:\/\/api.w.org\/{rel}","templated":true}]}}